{"id":6509,"date":"2021-10-22T15:48:17","date_gmt":"2021-10-22T15:48:17","guid":{"rendered":"http:\/\/dummy.xtemos.com\/woodmart2\/elementor\/?page_id=6509"},"modified":"2025-12-26T16:39:03","modified_gmt":"2025-12-26T19:39:03","slug":"home","status":"publish","type":"page","link":"https:\/\/locadorasouzadesinuca.com.br\/","title":{"rendered":"Home"},"content":{"rendered":"\t\t<div data-elementor-type=\"wp-page\" data-elementor-id=\"6509\" class=\"elementor elementor-6509\">\n\t\t\t\t<div class=\"wd-negative-gap elementor-element elementor-element-217aba3 e-flex e-con-boxed e-con e-parent\" data-id=\"217aba3\" data-element_type=\"container\">\n\t\t\t\t\t<div class=\"e-con-inner\">\n\t\t\t\t\t<\/div>\n\t\t\t\t<\/div>\n\t\t<div class=\"wd-negative-gap elementor-element elementor-element-e754d14 e-flex e-con-boxed e-con e-parent\" data-id=\"e754d14\" data-element_type=\"container\">\n\t\t\t\t\t<div class=\"e-con-inner\">\n\t\t\t\t<div class=\"elementor-element elementor-element-c215274 wd-width-100 elementor-widget elementor-widget-wd_title\" data-id=\"c215274\" data-element_type=\"widget\" data-widget_type=\"wd_title.default\">\n\t\t\t\t<div class=\"elementor-widget-container\">\n\t\t\t\t\t\t\t<div class=\"title-wrapper wd-set-mb reset-last-child wd-title-color-primary wd-title-style-default wd-title-size-default text-center\">\n\n\t\t\t\t\t\t\t\t\t\t\t<div class=\"title-subtitle subtitle-color-primary subtitle-style-default wd-fontsize-xs\">\n\t\t\t\t\tThe Best Cocktails\t\t\t\t<\/div>\n\t\t\t\n\t\t\t<div class=\"liner-continer\">\n\t\t\t\t<h4 class=\"woodmart-title-container title wd-fontsize-l\">Locadora Souza de Sinuca<\/h4> \n\t\t\t\t\t\t\t<\/div>\n\n\t\t\t\t\t<\/div>\n\t\t\t\t\t\t<\/div>\n\t\t\t\t<\/div>\n\t\t\t\t<div class=\"elementor-element elementor-element-27df8cc elementor-widget elementor-widget-wd_text_block\" data-id=\"27df8cc\" data-element_type=\"widget\" data-widget_type=\"wd_text_block.default\">\n\t\t\t\t<div class=\"elementor-widget-container\">\n\t\t\t\t\t\t\t<div class=\"wd-text-block reset-last-child text-center\">\n\t\t\t\n\t\t\t<p>Na <strong>Locadora Souza de Sinuca<\/strong>, transformamos qualquer evento em uma experi\u00eancia inesquec\u00edvel! Especializados no aluguel de mesas de sinuca e brinquedos infl\u00e1veis, oferecemos divers\u00e3o garantida para todas as idades e ocasi\u00f5es.<\/p>\n\t\t\t\t\t<\/div>\n\t\t\t\t\t\t<\/div>\n\t\t\t\t<\/div>\n\t\t\t\t\t<\/div>\n\t\t\t\t<\/div>\n\t\t<div class=\"wd-negative-gap elementor-element elementor-element-5dbc968 wd-section-stretch e-flex e-con-boxed e-con e-parent\" data-id=\"5dbc968\" data-element_type=\"container\" data-settings=\"{&quot;background_background&quot;:&quot;classic&quot;}\">\n\t\t\t\t\t<div class=\"e-con-inner\">\n\t\t<div class=\"elementor-element elementor-element-ac457a6 e-con-full e-flex e-con e-child\" data-id=\"ac457a6\" data-element_type=\"container\">\n\t\t\t\t<div class=\"elementor-element elementor-element-9ad1451 wd-width-100 elementor-widget elementor-widget-wd_title\" data-id=\"9ad1451\" data-element_type=\"widget\" data-widget_type=\"wd_title.default\">\n\t\t\t\t<div class=\"elementor-widget-container\">\n\t\t\t\t\t\t\t<div class=\"title-wrapper wd-set-mb reset-last-child wd-title-color-primary wd-title-style-default wd-title-size-default text-center\">\n\n\t\t\t\n\t\t\t<div class=\"liner-continer\">\n\t\t\t\t<h4 class=\"woodmart-title-container title wd-fontsize-l\">Aluguel de Sinucas<\/h4> \n\t\t\t\t\t\t\t<\/div>\n\n\t\t\t\t\t\t\t<div class=\"title-after_title reset-last-child wd-fontsize-xs\">\n\t\t\t\t\t<p>Perfeitas para quem ama um bom jogo de sinuca. Nossas mesas s\u00e3o de alta qualidade e est\u00e3o sempre bem cuidadas para garantir que sua partida seja perfeita.<\/p>\t\t\t\t<\/div>\n\t\t\t\t\t<\/div>\n\t\t\t\t\t\t<\/div>\n\t\t\t\t<\/div>\n\t\t\t\t<div class=\"elementor-element elementor-element-bac0a7a elementor-widget elementor-widget-wd_button\" data-id=\"bac0a7a\" data-element_type=\"widget\" data-widget_type=\"wd_button.default\">\n\t\t\t\t<div class=\"elementor-widget-container\">\n\t\t\t\t\t\t\t<div class=\"wd-button-wrapper text-center\" >\n\t\t\t<a class=\"btn btn-style-default btn-shape-semi-round btn-size-large btn-color-primary btn-icon-pos-right\"  href=\"https:\/\/locadorasouzadesinuca.com.br\/index.php\/sinucas\/\">\n\t\t\t\t<span class=\"wd-btn-text\" data-elementor-setting-key=\"text\">\n\t\t\t\t\tSaiba Mais\t\t\t\t<\/span>\n\n\t\t\t\t\t\t\t<\/a>\n\t\t<\/div>\n\t\t\t\t\t\t<\/div>\n\t\t\t\t<\/div>\n\t\t\t\t<\/div>\n\t\t<div class=\"elementor-element elementor-element-6195104 e-con-full e-flex e-con e-child\" data-id=\"6195104\" data-element_type=\"container\">\n\t\t\t\t<div class=\"elementor-element elementor-element-e9e52b2 elementor-widget elementor-widget-wd_image_or_svg\" data-id=\"e9e52b2\" data-element_type=\"widget\" data-widget_type=\"wd_image_or_svg.default\">\n\t\t\t\t<div class=\"elementor-widget-container\">\n\t\t\t\t\t\n\t\t<div class=\"wd-image text-center\">\n\t\t\t\t\t\t\t\t<img fetchpriority=\"high\" decoding=\"async\" width=\"380\" height=\"184\" src=\"https:\/\/locadorasouzadesinuca.com.br\/wp-content\/uploads\/2024\/06\/logo-locadora-souza.png\" class=\"attachment-full size-full\" alt=\"\" srcset=\"https:\/\/locadorasouzadesinuca.com.br\/wp-content\/uploads\/2024\/06\/logo-locadora-souza.png 380w, https:\/\/locadorasouzadesinuca.com.br\/wp-content\/uploads\/2024\/06\/logo-locadora-souza-150x73.png 150w, https:\/\/locadorasouzadesinuca.com.br\/wp-content\/uploads\/2024\/06\/logo-locadora-souza-300x145.png 300w\" sizes=\"(max-width: 380px) 100vw, 380px\" \/>\t\t\t\t\t<\/div>\n\n\t\t\t\t\t\t<\/div>\n\t\t\t\t<\/div>\n\t\t\t\t<\/div>\n\t\t<div class=\"elementor-element elementor-element-ea434ac e-con-full e-flex e-con e-child\" data-id=\"ea434ac\" data-element_type=\"container\">\n\t\t\t\t<div class=\"elementor-element elementor-element-acf275b wd-width-100 elementor-widget elementor-widget-wd_title\" data-id=\"acf275b\" data-element_type=\"widget\" data-widget_type=\"wd_title.default\">\n\t\t\t\t<div class=\"elementor-widget-container\">\n\t\t\t\t\t\t\t<div class=\"title-wrapper wd-set-mb reset-last-child wd-title-color-primary wd-title-style-default wd-title-size-default text-center\">\n\n\t\t\t\n\t\t\t<div class=\"liner-continer\">\n\t\t\t\t<h4 class=\"woodmart-title-container title wd-fontsize-l\">Brinquedos Infl\u00e1veis<\/h4> \n\t\t\t\t\t\t\t<\/div>\n\n\t\t\t\t\t\t\t<div class=\"title-after_title reset-last-child wd-fontsize-xs\">\n\t\t\t\t\t<p>Nossos brinquedos infl\u00e1veis s\u00e3o ideais para festas, eventos corporativos, e celebra\u00e7\u00f5es de qualquer tipo.<\/p>\t\t\t\t<\/div>\n\t\t\t\t\t<\/div>\n\t\t\t\t\t\t<\/div>\n\t\t\t\t<\/div>\n\t\t\t\t<div class=\"elementor-element elementor-element-dfbeee3 elementor-widget elementor-widget-wd_button\" data-id=\"dfbeee3\" data-element_type=\"widget\" data-widget_type=\"wd_button.default\">\n\t\t\t\t<div class=\"elementor-widget-container\">\n\t\t\t\t\t\t\t<div class=\"wd-button-wrapper text-center\" >\n\t\t\t<a class=\"btn btn-style-default btn-shape-semi-round btn-size-large btn-color-primary btn-icon-pos-right\"  href=\"https:\/\/locadorasouzadesinuca.com.br\/index.php\/nossos-brinquedos\/\">\n\t\t\t\t<span class=\"wd-btn-text\" data-elementor-setting-key=\"text\">\n\t\t\t\t\tSaiba Mais\t\t\t\t<\/span>\n\n\t\t\t\t\t\t\t<\/a>\n\t\t<\/div>\n\t\t\t\t\t\t<\/div>\n\t\t\t\t<\/div>\n\t\t\t\t<\/div>\n\t\t\t\t\t<\/div>\n\t\t\t\t<\/div>\n\t\t<div class=\"wd-negative-gap elementor-element elementor-element-ca9f9d1 wd-section-stretch-content e-flex e-con-boxed e-con e-parent\" data-id=\"ca9f9d1\" data-element_type=\"container\" data-settings=\"{&quot;background_background&quot;:&quot;classic&quot;}\">\n\t\t\t\t\t<div class=\"e-con-inner\">\n\t\t<div class=\"elementor-element elementor-element-59160a6 e-con-full e-flex e-con e-child\" data-id=\"59160a6\" data-element_type=\"container\" data-settings=\"{&quot;background_background&quot;:&quot;classic&quot;}\">\n\t\t\t\t<div class=\"elementor-element elementor-element-7c4eda0 elementor-widget elementor-widget-wd_image_or_svg\" data-id=\"7c4eda0\" data-element_type=\"widget\" data-widget_type=\"wd_image_or_svg.default\">\n\t\t\t\t<div class=\"elementor-widget-container\">\n\t\t\t\t\t\n\t\t<div class=\"wd-image text-left\">\n\t\t\t\t\t\t\t\t<img decoding=\"async\" width=\"1440\" height=\"810\" src=\"https:\/\/locadorasouzadesinuca.com.br\/wp-content\/uploads\/2024\/07\/bg-sinuca.jpg\" class=\"attachment-full size-full\" alt=\"\" srcset=\"https:\/\/locadorasouzadesinuca.com.br\/wp-content\/uploads\/2024\/07\/bg-sinuca.jpg 1440w, https:\/\/locadorasouzadesinuca.com.br\/wp-content\/uploads\/2024\/07\/bg-sinuca-430x242.jpg 430w, https:\/\/locadorasouzadesinuca.com.br\/wp-content\/uploads\/2024\/07\/bg-sinuca-150x84.jpg 150w, https:\/\/locadorasouzadesinuca.com.br\/wp-content\/uploads\/2024\/07\/bg-sinuca-700x394.jpg 700w, https:\/\/locadorasouzadesinuca.com.br\/wp-content\/uploads\/2024\/07\/bg-sinuca-400x225.jpg 400w, https:\/\/locadorasouzadesinuca.com.br\/wp-content\/uploads\/2024\/07\/bg-sinuca-1300x731.jpg 1300w, https:\/\/locadorasouzadesinuca.com.br\/wp-content\/uploads\/2024\/07\/bg-sinuca-768x432.jpg 768w\" sizes=\"(max-width: 1440px) 100vw, 1440px\" \/>\t\t\t\t\t<\/div>\n\n\t\t\t\t\t\t<\/div>\n\t\t\t\t<\/div>\n\t\t\t\t<\/div>\n\t\t<div class=\"elementor-element elementor-element-6481ac9 e-con-full e-flex e-con e-child\" data-id=\"6481ac9\" data-element_type=\"container\">\n\t\t\t\t<div class=\"elementor-element elementor-element-4ced9db wd-width-100 elementor-widget elementor-widget-wd_title\" data-id=\"4ced9db\" data-element_type=\"widget\" data-widget_type=\"wd_title.default\">\n\t\t\t\t<div class=\"elementor-widget-container\">\n\t\t\t\t\t\t\t<div class=\"title-wrapper wd-set-mb reset-last-child wd-title-color-primary wd-title-style-default wd-title-size-default text-left\">\n\n\t\t\t\t\t\t\t\t\t\t\t<div class=\"title-subtitle subtitle-color-primary subtitle-style-default wd-fontsize-xs\">\n\t\t\t\t\tMesas de Sinuca para Loca\u00e7\u00e3o:\t\t\t\t<\/div>\n\t\t\t\n\t\t\t<div class=\"liner-continer\">\n\t\t\t\t<h4 class=\"woodmart-title-container title wd-fontsize-l\">Transforme Seu Evento com Divers\u00e3o e Estilo<\/h4> \n\t\t\t\t\t\t\t<\/div>\n\n\t\t\t\t\t<\/div>\n\t\t\t\t\t\t<\/div>\n\t\t\t\t<\/div>\n\t\t\t\t<div class=\"elementor-element elementor-element-1f2d8dc elementor-widget elementor-widget-wd_text_block\" data-id=\"1f2d8dc\" data-element_type=\"widget\" data-widget_type=\"wd_text_block.default\">\n\t\t\t\t<div class=\"elementor-widget-container\">\n\t\t\t\t\t\t\t<div class=\"wd-text-block reset-last-child text-left\">\n\t\t\t\n\t\t\t<p>Nossas mesas de sinuca para aluguel s\u00e3o a escolha ideal para qualquer ocasi\u00e3o! Seja para festas de anivers\u00e1rio, confraterniza\u00e7\u00f5es, casamentos ou eventos corporativos, oferecemos mesas de sinuca de alta qualidade que garantem horas de entretenimento para seus convidados.<\/p>\n\t\t\t\t\t<\/div>\n\t\t\t\t\t\t<\/div>\n\t\t\t\t<\/div>\n\t\t<div class=\"wd-negative-gap elementor-element elementor-element-169e087 e-flex e-con-boxed e-con e-child\" data-id=\"169e087\" data-element_type=\"container\">\n\t\t\t\t\t<div class=\"e-con-inner\">\n\t\t\t\t<div class=\"elementor-element elementor-element-19fb333 elementor-widget__width-auto elementor-widget elementor-widget-wd_button\" data-id=\"19fb333\" data-element_type=\"widget\" data-widget_type=\"wd_button.default\">\n\t\t\t\t<div class=\"elementor-widget-container\">\n\t\t\t\t\t\t\t<div class=\"wd-button-wrapper text-center\" >\n\t\t\t<a class=\"btn btn-style-default btn-shape-rectangle btn-size-default btn-color-primary btn-icon-pos-right\"  href=\"https:\/\/locadorasouzadesinuca.com.br\/index.php\/quem-somos\/\">\n\t\t\t\t<span class=\"wd-btn-text\" data-elementor-setting-key=\"text\">\n\t\t\t\t\tSaiba Mais\t\t\t\t<\/span>\n\n\t\t\t\t\t\t\t<\/a>\n\t\t<\/div>\n\t\t\t\t\t\t<\/div>\n\t\t\t\t<\/div>\n\t\t\t\t\t<\/div>\n\t\t\t\t<\/div>\n\t\t\t\t<\/div>\n\t\t\t\t\t<\/div>\n\t\t\t\t<\/div>\n\t\t<div class=\"wd-negative-gap elementor-element elementor-element-e047603 wd-section-stretch-content e-flex e-con-boxed e-con e-parent\" data-id=\"e047603\" data-element_type=\"container\" data-settings=\"{&quot;background_background&quot;:&quot;classic&quot;}\">\n\t\t\t\t\t<div class=\"e-con-inner\">\n\t\t<div class=\"elementor-element elementor-element-61f21eb e-con-full e-flex e-con e-child\" data-id=\"61f21eb\" data-element_type=\"container\" data-settings=\"{&quot;background_background&quot;:&quot;classic&quot;}\">\n\t\t\t\t<div class=\"elementor-element elementor-element-49a7b39 wd-width-100 elementor-widget elementor-widget-wd_title\" data-id=\"49a7b39\" data-element_type=\"widget\" data-widget_type=\"wd_title.default\">\n\t\t\t\t<div class=\"elementor-widget-container\">\n\t\t\t\t\t\t\t<div class=\"title-wrapper wd-set-mb reset-last-child wd-title-color-primary wd-title-style-default wd-title-size-default text-left\">\n\n\t\t\t\t\t\t\t\t\t\t\t<div class=\"title-subtitle subtitle-color-primary subtitle-style-default wd-fontsize-xs\">\n\t\t\t\t\tBrinquedos Infl\u00e1veis para Loca\u00e7\u00e3o:\t\t\t\t<\/div>\n\t\t\t\n\t\t\t<div class=\"liner-continer\">\n\t\t\t\t<h4 class=\"woodmart-title-container title wd-fontsize-l\"> Atra\u00e7\u00e3o Garantida para Todas as Idades!<\/h4> \n\t\t\t\t\t\t\t<\/div>\n\n\t\t\t\t\t<\/div>\n\t\t\t\t\t\t<\/div>\n\t\t\t\t<\/div>\n\t\t\t\t<div class=\"elementor-element elementor-element-d1c98ff elementor-widget elementor-widget-wd_text_block\" data-id=\"d1c98ff\" data-element_type=\"widget\" data-widget_type=\"wd_text_block.default\">\n\t\t\t\t<div class=\"elementor-widget-container\">\n\t\t\t\t\t\t\t<div class=\"wd-text-block reset-last-child text-left\">\n\t\t\t\n\t\t\t<p>Com o aluguel de brinquedos infl\u00e1veis, voc\u00ea leva divers\u00e3o e aventura para as crian\u00e7as, criando momentos inesquec\u00edveis! Temos uma grande variedade de brinquedos infl\u00e1veis, como pula-pulas, tobog\u00e3s, castelos e muito mais, perfeitos para anivers\u00e1rios, festas escolares, eventos corporativos e confraterniza\u00e7\u00f5es familiares.<\/p>\n\t\t\t\t\t<\/div>\n\t\t\t\t\t\t<\/div>\n\t\t\t\t<\/div>\n\t\t<div class=\"elementor-element elementor-element-67a44cb e-con-full e-flex e-con e-child\" data-id=\"67a44cb\" data-element_type=\"container\">\n\t\t\t\t<div class=\"elementor-element elementor-element-e11d1db elementor-widget__width-auto elementor-widget elementor-widget-wd_button\" data-id=\"e11d1db\" data-element_type=\"widget\" data-widget_type=\"wd_button.default\">\n\t\t\t\t<div class=\"elementor-widget-container\">\n\t\t\t\t\t\t\t<div class=\"wd-button-wrapper text-center\" >\n\t\t\t<a class=\"btn btn-style-default btn-shape-rectangle btn-size-default btn-color-primary btn-icon-pos-right\"  href=\"https:\/\/locadorasouzadesinuca.com.br\/index.php\/quem-somos\/\">\n\t\t\t\t<span class=\"wd-btn-text\" data-elementor-setting-key=\"text\">\n\t\t\t\t\tSaiba Mais\t\t\t\t<\/span>\n\n\t\t\t\t\t\t\t<\/a>\n\t\t<\/div>\n\t\t\t\t\t\t<\/div>\n\t\t\t\t<\/div>\n\t\t\t\t<\/div>\n\t\t\t\t<\/div>\n\t\t<div class=\"elementor-element elementor-element-4d80455 e-con-full e-flex e-con e-child\" data-id=\"4d80455\" data-element_type=\"container\" data-settings=\"{&quot;background_background&quot;:&quot;classic&quot;}\">\n\t\t\t\t<div class=\"elementor-element elementor-element-f2f5289 elementor-widget elementor-widget-wd_image_or_svg\" data-id=\"f2f5289\" data-element_type=\"widget\" data-widget_type=\"wd_image_or_svg.default\">\n\t\t\t\t<div class=\"elementor-widget-container\">\n\t\t\t\t\t\n\t\t<div class=\"wd-image text-left\">\n\t\t\t\t\t\t\t\t<img decoding=\"async\" width=\"933\" height=\"525\" src=\"https:\/\/locadorasouzadesinuca.com.br\/wp-content\/uploads\/2024\/09\/fut-sabao-capa2.jpeg\" class=\"attachment-full size-full\" alt=\"\" srcset=\"https:\/\/locadorasouzadesinuca.com.br\/wp-content\/uploads\/2024\/09\/fut-sabao-capa2.jpeg 933w, https:\/\/locadorasouzadesinuca.com.br\/wp-content\/uploads\/2024\/09\/fut-sabao-capa2-430x242.jpeg 430w, https:\/\/locadorasouzadesinuca.com.br\/wp-content\/uploads\/2024\/09\/fut-sabao-capa2-150x84.jpeg 150w, https:\/\/locadorasouzadesinuca.com.br\/wp-content\/uploads\/2024\/09\/fut-sabao-capa2-700x394.jpeg 700w, https:\/\/locadorasouzadesinuca.com.br\/wp-content\/uploads\/2024\/09\/fut-sabao-capa2-400x225.jpeg 400w, https:\/\/locadorasouzadesinuca.com.br\/wp-content\/uploads\/2024\/09\/fut-sabao-capa2-768x432.jpeg 768w\" sizes=\"(max-width: 933px) 100vw, 933px\" \/>\t\t\t\t\t<\/div>\n\n\t\t\t\t\t\t<\/div>\n\t\t\t\t<\/div>\n\t\t\t\t<\/div>\n\t\t\t\t\t<\/div>\n\t\t\t\t<\/div>\n\t\t\t\t<\/div>\n\t\t","protected":false},"excerpt":{"rendered":"<p>The Best Cocktails Locadora Souza de Sinuca Na Locadora Souza de Sinuca, transformamos qualquer evento em uma experi\u00eancia inesquec\u00edvel! Especializados<\/p>\n","protected":false},"author":1,"featured_media":0,"parent":0,"menu_order":0,"comment_status":"closed","ping_status":"closed","template":"","meta":{"footnotes":""},"class_list":["post-6509","page","type-page","status-publish","hentry"],"_links":{"self":[{"href":"https:\/\/locadorasouzadesinuca.com.br\/index.php\/wp-json\/wp\/v2\/pages\/6509","targetHints":{"allow":["GET"]}}],"collection":[{"href":"https:\/\/locadorasouzadesinuca.com.br\/index.php\/wp-json\/wp\/v2\/pages"}],"about":[{"href":"https:\/\/locadorasouzadesinuca.com.br\/index.php\/wp-json\/wp\/v2\/types\/page"}],"author":[{"embeddable":true,"href":"https:\/\/locadorasouzadesinuca.com.br\/index.php\/wp-json\/wp\/v2\/users\/1"}],"replies":[{"embeddable":true,"href":"https:\/\/locadorasouzadesinuca.com.br\/index.php\/wp-json\/wp\/v2\/comments?post=6509"}],"version-history":[{"count":46,"href":"https:\/\/locadorasouzadesinuca.com.br\/index.php\/wp-json\/wp\/v2\/pages\/6509\/revisions"}],"predecessor-version":[{"id":27431,"href":"https:\/\/locadorasouzadesinuca.com.br\/index.php\/wp-json\/wp\/v2\/pages\/6509\/revisions\/27431"}],"wp:attachment":[{"href":"https:\/\/locadorasouzadesinuca.com.br\/index.php\/wp-json\/wp\/v2\/media?parent=6509"}],"curies":[{"name":"wp","href":"https:\/\/api.w.org\/{rel}","templated":true}]}}