{"id":27284,"date":"2024-08-12T12:09:02","date_gmt":"2024-08-12T15:09:02","guid":{"rendered":"https:\/\/locadorasouzadesinuca.com.br\/?page_id=27284"},"modified":"2024-10-21T11:18:04","modified_gmt":"2024-10-21T14:18:04","slug":"sinucas","status":"publish","type":"page","link":"https:\/\/locadorasouzadesinuca.com.br\/index.php\/sinucas\/","title":{"rendered":"Sinucas"},"content":{"rendered":"\t\t<div data-elementor-type=\"wp-page\" data-elementor-id=\"27284\" class=\"elementor elementor-27284\">\n\t\t\t\t<div class=\"wd-negative-gap elementor-element elementor-element-e754d14 e-flex e-con-boxed e-con e-parent\" data-id=\"e754d14\" data-element_type=\"container\">\n\t\t\t\t\t<div class=\"e-con-inner\">\n\t\t\t\t<div class=\"elementor-element elementor-element-c215274 wd-width-100 elementor-widget elementor-widget-wd_title\" data-id=\"c215274\" data-element_type=\"widget\" data-widget_type=\"wd_title.default\">\n\t\t\t\t<div class=\"elementor-widget-container\">\n\t\t\t\t\t\t\t<div class=\"title-wrapper wd-set-mb reset-last-child wd-title-color-primary wd-title-style-default wd-title-size-default text-center\">\n\n\t\t\t\n\t\t\t<div class=\"liner-continer\">\n\t\t\t\t<h4 class=\"woodmart-title-container title wd-fontsize-l\">Locadora Souza de Sinuca<\/h4> \n\t\t\t\t\t\t\t<\/div>\n\n\t\t\t\t\t<\/div>\n\t\t\t\t\t\t<\/div>\n\t\t\t\t<\/div>\n\t\t\t\t<div class=\"elementor-element elementor-element-27df8cc elementor-widget elementor-widget-wd_text_block\" data-id=\"27df8cc\" data-element_type=\"widget\" data-widget_type=\"wd_text_block.default\">\n\t\t\t\t<div class=\"elementor-widget-container\">\n\t\t\t\t\t\t\t<div class=\"wd-text-block reset-last-child text-center\">\n\t\t\t\n\t\t\t<p>Na <strong>Locadora Souza de Sinuca<\/strong>, transformamos qualquer evento em uma experi\u00eancia inesquec\u00edvel! Especializados no aluguel de mesas de sinuca e brinquedos infl\u00e1veis, oferecemos divers\u00e3o garantida para todas as idades e ocasi\u00f5es.<\/p>\n\t\t\t\t\t<\/div>\n\t\t\t\t\t\t<\/div>\n\t\t\t\t<\/div>\n\t\t\t\t\t<\/div>\n\t\t\t\t<\/div>\n\t\t<div class=\"wd-negative-gap elementor-element elementor-element-9db94ee e-flex e-con-boxed e-con e-parent\" data-id=\"9db94ee\" data-element_type=\"container\">\n\t\t\t\t\t<div class=\"e-con-inner\">\n\t\t<div class=\"elementor-element elementor-element-2fd5bb0 e-con-full e-flex e-con e-child\" data-id=\"2fd5bb0\" data-element_type=\"container\">\n\t\t\t\t<div class=\"elementor-element elementor-element-d1ee67a elementor-widget elementor-widget-wd_image_or_svg\" data-id=\"d1ee67a\" data-element_type=\"widget\" data-widget_type=\"wd_image_or_svg.default\">\n\t\t\t\t<div class=\"elementor-widget-container\">\n\t\t\t\t\t\n\t\t<div class=\"wd-image text-left\">\n\t\t\t\t\t\t\t\t<img fetchpriority=\"high\" decoding=\"async\" width=\"1280\" height=\"960\" src=\"https:\/\/locadorasouzadesinuca.com.br\/wp-content\/uploads\/2024\/06\/aluguel-de-sinuca2.jpg\" class=\"attachment-full size-full\" alt=\"\" srcset=\"https:\/\/locadorasouzadesinuca.com.br\/wp-content\/uploads\/2024\/06\/aluguel-de-sinuca2.jpg 1280w, https:\/\/locadorasouzadesinuca.com.br\/wp-content\/uploads\/2024\/06\/aluguel-de-sinuca2-430x323.jpg 430w, https:\/\/locadorasouzadesinuca.com.br\/wp-content\/uploads\/2024\/06\/aluguel-de-sinuca2-150x113.jpg 150w, https:\/\/locadorasouzadesinuca.com.br\/wp-content\/uploads\/2024\/06\/aluguel-de-sinuca2-700x525.jpg 700w, https:\/\/locadorasouzadesinuca.com.br\/wp-content\/uploads\/2024\/06\/aluguel-de-sinuca2-300x225.jpg 300w, https:\/\/locadorasouzadesinuca.com.br\/wp-content\/uploads\/2024\/06\/aluguel-de-sinuca2-1024x768.jpg 1024w, https:\/\/locadorasouzadesinuca.com.br\/wp-content\/uploads\/2024\/06\/aluguel-de-sinuca2-768x576.jpg 768w\" sizes=\"(max-width: 1280px) 100vw, 1280px\" \/>\t\t\t\t\t<\/div>\n\n\t\t\t\t\t\t<\/div>\n\t\t\t\t<\/div>\n\t\t\t\t<\/div>\n\t\t<div class=\"elementor-element elementor-element-9e7e5e5 e-con-full e-flex e-con e-child\" data-id=\"9e7e5e5\" data-element_type=\"container\">\n\t\t\t\t<div class=\"elementor-element elementor-element-e8f6f21 wd-width-100 elementor-widget elementor-widget-wd_title\" data-id=\"e8f6f21\" data-element_type=\"widget\" data-widget_type=\"wd_title.default\">\n\t\t\t\t<div class=\"elementor-widget-container\">\n\t\t\t\t\t\t\t<div class=\"title-wrapper wd-set-mb reset-last-child wd-title-color-default wd-title-style-default wd-title-size-default text-left\">\n\n\t\t\t\n\t\t\t<div class=\"liner-continer\">\n\t\t\t\t<h4 class=\"woodmart-title-container title wd-fontsize-l\">Title text example<\/h4> \n\t\t\t\t\t\t\t<\/div>\n\n\t\t\t\t\t<\/div>\n\t\t\t\t\t\t<\/div>\n\t\t\t\t<\/div>\n\t\t\t\t<div class=\"elementor-element elementor-element-d9d39aa elementor-widget elementor-widget-wd_text_block\" data-id=\"d9d39aa\" data-element_type=\"widget\" data-widget_type=\"wd_text_block.default\">\n\t\t\t\t<div class=\"elementor-widget-container\">\n\t\t\t\t\t\t\t<div class=\"wd-text-block reset-last-child text-left\">\n\t\t\t\n\t\t\t<p>Lorem ipsum dolor sit amet, consectetur adipiscing elit. Ut elit tellus, luctus nec ullamcorper mattis, pulvinar dapibus leo.<\/p><p>Lorem ipsum dolor sit amet, consectetur adipiscing elit. Ut elit tellus, luctus nec ullamcorper mattis, pulvinar dapibus leo.<\/p><p>Lorem ipsum dolor sit amet, consectetur adipiscing elit. Ut elit tellus, luctus nec ullamcorper mattis, pulvinar dapibus leo.<\/p>\n\t\t\t\t\t<\/div>\n\t\t\t\t\t\t<\/div>\n\t\t\t\t<\/div>\n\t\t\t\t<div class=\"elementor-element elementor-element-6366ed6 elementor-widget elementor-widget-wd_button\" data-id=\"6366ed6\" data-element_type=\"widget\" data-widget_type=\"wd_button.default\">\n\t\t\t\t<div class=\"elementor-widget-container\">\n\t\t\t\t\t\t\t<div class=\"wd-button-wrapper text-left\" >\n\t\t\t<a class=\"btn btn-style-default btn-shape-rectangle btn-size-default btn-icon-pos-right\"  href=\"#\" style=\"--btn-color:#fff;\">\n\t\t\t\t<span class=\"wd-btn-text\" data-elementor-setting-key=\"text\">\n\t\t\t\t\tOr\u00e7amento via WhatsApp\t\t\t\t<\/span>\n\n\t\t\t\t\t\t\t<\/a>\n\t\t<\/div>\n\t\t\t\t\t\t<\/div>\n\t\t\t\t<\/div>\n\t\t\t\t<\/div>\n\t\t\t\t\t<\/div>\n\t\t\t\t<\/div>\n\t\t<div class=\"wd-negative-gap elementor-element elementor-element-811839f e-flex e-con-boxed e-con e-parent\" data-id=\"811839f\" data-element_type=\"container\">\n\t\t\t\t\t<div class=\"e-con-inner\">\n\t\t\t\t\t<\/div>\n\t\t\t\t<\/div>\n\t\t\t\t<\/div>\n\t\t","protected":false},"excerpt":{"rendered":"<p>Locadora Souza de Sinuca Na Locadora Souza de Sinuca, transformamos qualquer evento em uma experi\u00eancia inesquec\u00edvel! Especializados no aluguel de<\/p>\n","protected":false},"author":1,"featured_media":0,"parent":0,"menu_order":0,"comment_status":"closed","ping_status":"closed","template":"","meta":{"footnotes":""},"class_list":["post-27284","page","type-page","status-publish","hentry"],"_links":{"self":[{"href":"https:\/\/locadorasouzadesinuca.com.br\/index.php\/wp-json\/wp\/v2\/pages\/27284","targetHints":{"allow":["GET"]}}],"collection":[{"href":"https:\/\/locadorasouzadesinuca.com.br\/index.php\/wp-json\/wp\/v2\/pages"}],"about":[{"href":"https:\/\/locadorasouzadesinuca.com.br\/index.php\/wp-json\/wp\/v2\/types\/page"}],"author":[{"embeddable":true,"href":"https:\/\/locadorasouzadesinuca.com.br\/index.php\/wp-json\/wp\/v2\/users\/1"}],"replies":[{"embeddable":true,"href":"https:\/\/locadorasouzadesinuca.com.br\/index.php\/wp-json\/wp\/v2\/comments?post=27284"}],"version-history":[{"count":13,"href":"https:\/\/locadorasouzadesinuca.com.br\/index.php\/wp-json\/wp\/v2\/pages\/27284\/revisions"}],"predecessor-version":[{"id":27412,"href":"https:\/\/locadorasouzadesinuca.com.br\/index.php\/wp-json\/wp\/v2\/pages\/27284\/revisions\/27412"}],"wp:attachment":[{"href":"https:\/\/locadorasouzadesinuca.com.br\/index.php\/wp-json\/wp\/v2\/media?parent=27284"}],"curies":[{"name":"wp","href":"https:\/\/api.w.org\/{rel}","templated":true}]}}