{"id":27276,"date":"2024-08-12T12:05:01","date_gmt":"2024-08-12T15:05:01","guid":{"rendered":"https:\/\/locadorasouzadesinuca.com.br\/?page_id=27276"},"modified":"2024-10-21T11:09:53","modified_gmt":"2024-10-21T14:09:53","slug":"quem-somos","status":"publish","type":"page","link":"https:\/\/locadorasouzadesinuca.com.br\/index.php\/quem-somos\/","title":{"rendered":"Quem Somos"},"content":{"rendered":"\t\t<div data-elementor-type=\"wp-page\" data-elementor-id=\"27276\" class=\"elementor elementor-27276\">\n\t\t\t\t<div class=\"wd-negative-gap elementor-element elementor-element-e754d14 e-flex e-con-boxed e-con e-parent\" data-id=\"e754d14\" data-element_type=\"container\">\n\t\t\t\t\t<div class=\"e-con-inner\">\n\t\t\t\t<div class=\"elementor-element elementor-element-c215274 wd-width-100 elementor-widget elementor-widget-wd_title\" data-id=\"c215274\" data-element_type=\"widget\" data-widget_type=\"wd_title.default\">\n\t\t\t\t<div class=\"elementor-widget-container\">\n\t\t\t\t\t\t\t<div class=\"title-wrapper wd-set-mb reset-last-child wd-title-color-primary wd-title-style-default wd-title-size-default text-center\">\n\n\t\t\t\n\t\t\t<div class=\"liner-continer\">\n\t\t\t\t<h4 class=\"woodmart-title-container title wd-fontsize-l\">Locadora Souza de Sinuca<\/h4> \n\t\t\t\t\t\t\t<\/div>\n\n\t\t\t\t\t<\/div>\n\t\t\t\t\t\t<\/div>\n\t\t\t\t<\/div>\n\t\t\t\t<div class=\"elementor-element elementor-element-27df8cc elementor-widget elementor-widget-wd_text_block\" data-id=\"27df8cc\" data-element_type=\"widget\" data-widget_type=\"wd_text_block.default\">\n\t\t\t\t<div class=\"elementor-widget-container\">\n\t\t\t\t\t\t\t<div class=\"wd-text-block reset-last-child text-center\">\n\t\t\t\n\t\t\t<p>Na <strong>Locadora Souza de Sinuca<\/strong>, transformamos qualquer evento em uma experi\u00eancia inesquec\u00edvel!\u00a0<\/p>\n\t\t\t\t\t<\/div>\n\t\t\t\t\t\t<\/div>\n\t\t\t\t<\/div>\n\t\t\t\t\t<\/div>\n\t\t\t\t<\/div>\n\t\t<div class=\"wd-negative-gap elementor-element elementor-element-ca9f9d1 wd-section-stretch e-flex e-con-boxed e-con e-parent\" data-id=\"ca9f9d1\" data-element_type=\"container\" data-settings=\"{&quot;background_background&quot;:&quot;classic&quot;}\">\n\t\t\t\t\t<div class=\"e-con-inner\">\n\t\t<div class=\"elementor-element elementor-element-59160a6 e-con-full e-flex e-con e-child\" data-id=\"59160a6\" data-element_type=\"container\" data-settings=\"{&quot;background_background&quot;:&quot;classic&quot;}\">\n\t\t\t\t<div class=\"elementor-element elementor-element-99d4395 elementor-widget elementor-widget-wd_image_or_svg\" data-id=\"99d4395\" data-element_type=\"widget\" data-widget_type=\"wd_image_or_svg.default\">\n\t\t\t\t<div class=\"elementor-widget-container\">\n\t\t\t\t\t\n\t\t<div class=\"wd-image text-left\">\n\t\t\t\t\t\t\t\t<img fetchpriority=\"high\" decoding=\"async\" width=\"300\" height=\"500\" src=\"https:\/\/locadorasouzadesinuca.com.br\/wp-content\/uploads\/2024\/06\/bg-capa-breve-300x500.jpg\" class=\"attachment-300x500 size-300x500\" alt=\"\" \/>\t\t\t\t\t<\/div>\n\n\t\t\t\t\t\t<\/div>\n\t\t\t\t<\/div>\n\t\t\t\t<\/div>\n\t\t<div class=\"elementor-element elementor-element-9dc3371 e-con-full e-flex e-con e-child\" data-id=\"9dc3371\" data-element_type=\"container\" data-settings=\"{&quot;background_background&quot;:&quot;classic&quot;}\">\n\t\t\t\t<div class=\"elementor-element elementor-element-45b9e5c elementor-widget elementor-widget-wd_image_or_svg\" data-id=\"45b9e5c\" data-element_type=\"widget\" data-widget_type=\"wd_image_or_svg.default\">\n\t\t\t\t<div class=\"elementor-widget-container\">\n\t\t\t\t\t\n\t\t<div class=\"wd-image text-left\">\n\t\t\t\t\t\t\t\t<img decoding=\"async\" width=\"300\" height=\"500\" src=\"https:\/\/locadorasouzadesinuca.com.br\/wp-content\/uploads\/2024\/09\/fut-sabao-capa-300x500.jpeg\" class=\"attachment-300x500 size-300x500\" alt=\"\" \/>\t\t\t\t\t<\/div>\n\n\t\t\t\t\t\t<\/div>\n\t\t\t\t<\/div>\n\t\t\t\t<\/div>\n\t\t<div class=\"elementor-element elementor-element-6481ac9 e-con-full e-flex e-con e-child\" data-id=\"6481ac9\" data-element_type=\"container\">\n\t\t\t\t<div class=\"elementor-element elementor-element-4ced9db wd-width-100 elementor-widget elementor-widget-wd_title\" data-id=\"4ced9db\" data-element_type=\"widget\" data-widget_type=\"wd_title.default\">\n\t\t\t\t<div class=\"elementor-widget-container\">\n\t\t\t\t\t\t\t<div class=\"title-wrapper wd-set-mb reset-last-child wd-title-color-primary wd-title-style-default wd-title-size-default text-left\">\n\n\t\t\t\n\t\t\t<div class=\"liner-continer\">\n\t\t\t\t<h4 class=\"woodmart-title-container title wd-fontsize-l\">Loca\u00e7\u00e3o de Brinquedos Infl\u00e1veis e Sinucas<\/h4> \n\t\t\t\t\t\t\t<\/div>\n\n\t\t\t\t\t<\/div>\n\t\t\t\t\t\t<\/div>\n\t\t\t\t<\/div>\n\t\t\t\t<div class=\"elementor-element elementor-element-1f2d8dc elementor-widget elementor-widget-wd_text_block\" data-id=\"1f2d8dc\" data-element_type=\"widget\" data-widget_type=\"wd_text_block.default\">\n\t\t\t\t<div class=\"elementor-widget-container\">\n\t\t\t\t\t\t\t<div class=\"wd-text-block reset-last-child text-left\">\n\t\t\t\n\t\t\t<p>Especializados no aluguel de mesas de sinuca e brinquedos infl\u00e1veis, oferecemos divers\u00e3o garantida para todas as idades e ocasi\u00f5es.<\/p><p>Nossas mesas de sinuca para aluguel s\u00e3o a escolha ideal para qualquer ocasi\u00e3o! Seja para festas de anivers\u00e1rio, confraterniza\u00e7\u00f5es, casamentos ou eventos corporativos, oferecemos mesas de sinuca de alta qualidade que garantem horas de entretenimento para seus convidados.<\/p><p>Com o aluguel de brinquedos infl\u00e1veis, voc\u00ea leva divers\u00e3o e aventura para as crian\u00e7as, criando momentos inesquec\u00edveis! Temos uma grande variedade de brinquedos infl\u00e1veis, como pula-pulas, tobog\u00e3s, castelos e muito mais, perfeitos para anivers\u00e1rios, festas escolares, eventos corporativos e confraterniza\u00e7\u00f5es familiares.<\/p>\n\t\t\t\t\t<\/div>\n\t\t\t\t\t\t<\/div>\n\t\t\t\t<\/div>\n\t\t<div class=\"wd-negative-gap elementor-element elementor-element-169e087 e-flex e-con-boxed e-con e-child\" data-id=\"169e087\" data-element_type=\"container\">\n\t\t\t\t\t<div class=\"e-con-inner\">\n\t\t\t\t<div class=\"elementor-element elementor-element-19fb333 elementor-widget__width-auto elementor-widget elementor-widget-wd_button\" data-id=\"19fb333\" data-element_type=\"widget\" data-widget_type=\"wd_button.default\">\n\t\t\t\t<div class=\"elementor-widget-container\">\n\t\t\t\t\t\t\t<div class=\"wd-button-wrapper text-center\" >\n\t\t\t<a class=\"btn btn-style-default btn-shape-rectangle btn-size-default btn-color-primary btn-icon-pos-right\"  href=\"#\">\n\t\t\t\t<span class=\"wd-btn-text\" data-elementor-setting-key=\"text\">\n\t\t\t\t\tSinucas\t\t\t\t<\/span>\n\n\t\t\t\t\t\t\t<\/a>\n\t\t<\/div>\n\t\t\t\t\t\t<\/div>\n\t\t\t\t<\/div>\n\t\t\t\t<div class=\"elementor-element elementor-element-2e2d9c5 elementor-widget__width-auto elementor-widget elementor-widget-wd_button\" data-id=\"2e2d9c5\" data-element_type=\"widget\" data-widget_type=\"wd_button.default\">\n\t\t\t\t<div class=\"elementor-widget-container\">\n\t\t\t\t\t\t\t<div class=\"wd-button-wrapper text-center\" >\n\t\t\t<a class=\"btn btn-style-default btn-shape-rectangle btn-size-default btn-icon-pos-right\"  href=\"#\" style=\"--btn-color:#fff;--btn-color-hover:#fff;\">\n\t\t\t\t<span class=\"wd-btn-text\" data-elementor-setting-key=\"text\">\n\t\t\t\t\tBrinquedos\t\t\t\t<\/span>\n\n\t\t\t\t\t\t\t<\/a>\n\t\t<\/div>\n\t\t\t\t\t\t<\/div>\n\t\t\t\t<\/div>\n\t\t\t\t\t<\/div>\n\t\t\t\t<\/div>\n\t\t\t\t<\/div>\n\t\t\t\t\t<\/div>\n\t\t\t\t<\/div>\n\t\t\t\t<\/div>\n\t\t","protected":false},"excerpt":{"rendered":"<p>Locadora Souza de Sinuca Na Locadora Souza de Sinuca, transformamos qualquer evento em uma experi\u00eancia inesquec\u00edvel!\u00a0 Loca\u00e7\u00e3o de Brinquedos Infl\u00e1veis<\/p>\n","protected":false},"author":1,"featured_media":0,"parent":0,"menu_order":0,"comment_status":"closed","ping_status":"closed","template":"","meta":{"footnotes":""},"class_list":["post-27276","page","type-page","status-publish","hentry"],"_links":{"self":[{"href":"https:\/\/locadorasouzadesinuca.com.br\/index.php\/wp-json\/wp\/v2\/pages\/27276","targetHints":{"allow":["GET"]}}],"collection":[{"href":"https:\/\/locadorasouzadesinuca.com.br\/index.php\/wp-json\/wp\/v2\/pages"}],"about":[{"href":"https:\/\/locadorasouzadesinuca.com.br\/index.php\/wp-json\/wp\/v2\/types\/page"}],"author":[{"embeddable":true,"href":"https:\/\/locadorasouzadesinuca.com.br\/index.php\/wp-json\/wp\/v2\/users\/1"}],"replies":[{"embeddable":true,"href":"https:\/\/locadorasouzadesinuca.com.br\/index.php\/wp-json\/wp\/v2\/comments?post=27276"}],"version-history":[{"count":43,"href":"https:\/\/locadorasouzadesinuca.com.br\/index.php\/wp-json\/wp\/v2\/pages\/27276\/revisions"}],"predecessor-version":[{"id":27406,"href":"https:\/\/locadorasouzadesinuca.com.br\/index.php\/wp-json\/wp\/v2\/pages\/27276\/revisions\/27406"}],"wp:attachment":[{"href":"https:\/\/locadorasouzadesinuca.com.br\/index.php\/wp-json\/wp\/v2\/media?parent=27276"}],"curies":[{"name":"wp","href":"https:\/\/api.w.org\/{rel}","templated":true}]}}